{"id":74,"date":"2023-05-03T17:53:20","date_gmt":"2023-05-03T15:53:20","guid":{"rendered":"http:\/\/feriani-avocat.fr\/Mala\/?page_id=74"},"modified":"2023-05-03T17:54:56","modified_gmt":"2023-05-03T15:54:56","slug":"elementor-74","status":"publish","type":"page","link":"https:\/\/feriani-avocat.fr\/Mala\/index.php\/elementor-74\/","title":{"rendered":"Elementor #74"},"content":{"rendered":"\t\t<div data-elementor-type=\"wp-page\" data-elementor-id=\"74\" class=\"elementor elementor-74\">\n\t\t\t\t\t\t\t\t\t<section class=\"elementor-section elementor-top-section elementor-element elementor-element-7a7b705e elementor-section-boxed elementor-section-height-default elementor-section-height-default\" data-id=\"7a7b705e\" data-element_type=\"section\" data-settings=\"{&quot;background_background&quot;:&quot;classic&quot;}\">\n\t\t\t\t\t\t\t<div class=\"elementor-background-overlay\"><\/div>\n\t\t\t\t\t\t\t<div class=\"elementor-container elementor-column-gap-no\">\n\t\t\t\t\t<div class=\"elementor-column elementor-col-100 elementor-top-column elementor-element elementor-element-71e7d714 elementor-invisible\" data-id=\"71e7d714\" data-element_type=\"column\" data-settings=\"{&quot;animation&quot;:&quot;fadeIn&quot;}\">\n\t\t\t<div class=\"elementor-widget-wrap elementor-element-populated\">\n\t\t\t\t\t\t\t\t<div class=\"elementor-element elementor-element-19af649c elementor-widget elementor-widget-heading\" data-id=\"19af649c\" data-element_type=\"widget\" data-widget_type=\"heading.default\">\n\t\t\t\t<div class=\"elementor-widget-container\">\n\t\t\t<style>\/*! elementor - v3.17.0 - 08-11-2023 *\/\n.elementor-heading-title{padding:0;margin:0;line-height:1}.elementor-widget-heading .elementor-heading-title[class*=elementor-size-]>a{color:inherit;font-size:inherit;line-height:inherit}.elementor-widget-heading .elementor-heading-title.elementor-size-small{font-size:15px}.elementor-widget-heading .elementor-heading-title.elementor-size-medium{font-size:19px}.elementor-widget-heading .elementor-heading-title.elementor-size-large{font-size:29px}.elementor-widget-heading .elementor-heading-title.elementor-size-xl{font-size:39px}.elementor-widget-heading .elementor-heading-title.elementor-size-xxl{font-size:59px}<\/style><h2 class=\"elementor-heading-title elementor-size-default\">A propos<\/h2>\t\t<\/div>\n\t\t\t\t<\/div>\n\t\t\t\t<div class=\"elementor-element elementor-element-27e2d1a7 elementor-align-center elementor-widget elementor-widget-button\" data-id=\"27e2d1a7\" data-element_type=\"widget\" data-widget_type=\"button.default\">\n\t\t\t\t<div class=\"elementor-widget-container\">\n\t\t\t\t\t<div class=\"elementor-button-wrapper\">\n\t\t\t<a class=\"elementor-button elementor-button-link elementor-size-sm\" href=\"http:\/\/feriani-avocat.fr\/Mala\/index.php\/acc\/\">\n\t\t\t\t\t\t<span class=\"elementor-button-content-wrapper\">\n\t\t\t\t\t\t<span class=\"elementor-button-text\">Accueil<\/span>\n\t\t<\/span>\n\t\t\t\t\t<\/a>\n\t\t<\/div>\n\t\t\t\t<\/div>\n\t\t\t\t<\/div>\n\t\t\t\t\t<\/div>\n\t\t<\/div>\n\t\t\t\t\t\t\t<\/div>\n\t\t<\/section>\n\t\t\t\t<section class=\"elementor-section elementor-top-section elementor-element elementor-element-26eb72e5 elementor-section-content-middle elementor-section-boxed elementor-section-height-default elementor-section-height-default\" data-id=\"26eb72e5\" data-element_type=\"section\" data-settings=\"{&quot;background_background&quot;:&quot;classic&quot;}\">\n\t\t\t\t\t\t<div class=\"elementor-container elementor-column-gap-no\">\n\t\t\t\t\t<div class=\"elementor-column elementor-col-50 elementor-top-column elementor-element elementor-element-15dc7a13 elementor-invisible\" data-id=\"15dc7a13\" data-element_type=\"column\" data-settings=\"{&quot;animation&quot;:&quot;fadeInLeft&quot;}\">\n\t\t\t<div class=\"elementor-widget-wrap elementor-element-populated\">\n\t\t\t\t\t\t\t\t<div class=\"elementor-element elementor-element-1f8fc1a0 elementor-widget elementor-widget-image\" data-id=\"1f8fc1a0\" data-element_type=\"widget\" data-widget_type=\"image.default\">\n\t\t\t\t<div class=\"elementor-widget-container\">\n\t\t\t<style>\/*! elementor - v3.17.0 - 08-11-2023 *\/\n.elementor-widget-image{text-align:center}.elementor-widget-image a{display:inline-block}.elementor-widget-image a img[src$=\".svg\"]{width:48px}.elementor-widget-image img{vertical-align:middle;display:inline-block}<\/style>\t\t\t\t\t\t\t\t\t\t\t\t<img loading=\"lazy\" decoding=\"async\" width=\"2560\" height=\"1707\" src=\"https:\/\/feriani-avocat.fr\/Mala\/wp-content\/uploads\/2023\/05\/vh-sofian-1425-scaled.jpeg\" class=\"attachment-full size-full wp-image-82\" alt=\"\" srcset=\"https:\/\/feriani-avocat.fr\/Mala\/wp-content\/uploads\/2023\/05\/vh-sofian-1425-scaled.jpeg 2560w, https:\/\/feriani-avocat.fr\/Mala\/wp-content\/uploads\/2023\/05\/vh-sofian-1425-300x200.jpeg 300w, https:\/\/feriani-avocat.fr\/Mala\/wp-content\/uploads\/2023\/05\/vh-sofian-1425-1024x683.jpeg 1024w, https:\/\/feriani-avocat.fr\/Mala\/wp-content\/uploads\/2023\/05\/vh-sofian-1425-768x512.jpeg 768w, https:\/\/feriani-avocat.fr\/Mala\/wp-content\/uploads\/2023\/05\/vh-sofian-1425-1536x1024.jpeg 1536w, https:\/\/feriani-avocat.fr\/Mala\/wp-content\/uploads\/2023\/05\/vh-sofian-1425-2048x1365.jpeg 2048w\" sizes=\"auto, (max-width: 2560px) 100vw, 2560px\" \/>\t\t\t\t\t\t\t\t\t\t\t\t\t\t\t<\/div>\n\t\t\t\t<\/div>\n\t\t\t\t\t<\/div>\n\t\t<\/div>\n\t\t\t\t<div class=\"elementor-column elementor-col-50 elementor-top-column elementor-element elementor-element-1a41ae15 elementor-invisible\" data-id=\"1a41ae15\" data-element_type=\"column\" data-settings=\"{&quot;animation&quot;:&quot;fadeInRight&quot;}\">\n\t\t\t<div class=\"elementor-widget-wrap elementor-element-populated\">\n\t\t\t\t\t\t\t\t<section class=\"elementor-section elementor-inner-section elementor-element elementor-element-3efaf32e elementor-section-boxed elementor-section-height-default elementor-section-height-default\" data-id=\"3efaf32e\" data-element_type=\"section\">\n\t\t\t\t\t\t<div class=\"elementor-container elementor-column-gap-no\">\n\t\t\t\t\t<div class=\"elementor-column elementor-col-100 elementor-inner-column elementor-element elementor-element-43c641fa\" data-id=\"43c641fa\" data-element_type=\"column\">\n\t\t\t<div class=\"elementor-widget-wrap elementor-element-populated\">\n\t\t\t\t\t\t\t\t<div class=\"elementor-element elementor-element-77dfec66 elementor-widget elementor-widget-heading\" data-id=\"77dfec66\" data-element_type=\"widget\" data-widget_type=\"heading.default\">\n\t\t\t\t<div class=\"elementor-widget-container\">\n\t\t\t<h2 class=\"elementor-heading-title elementor-size-default\">Ma\u00eetre Sofian FERIANI<\/h2>\t\t<\/div>\n\t\t\t\t<\/div>\n\t\t\t\t\t<\/div>\n\t\t<\/div>\n\t\t\t\t\t\t\t<\/div>\n\t\t<\/section>\n\t\t\t\t<div class=\"elementor-element elementor-element-270fc616 elementor-widget elementor-widget-text-editor\" data-id=\"270fc616\" data-element_type=\"widget\" data-widget_type=\"text-editor.default\">\n\t\t\t\t<div class=\"elementor-widget-container\">\n\t\t\t<style>\/*! elementor - v3.17.0 - 08-11-2023 *\/\n.elementor-widget-text-editor.elementor-drop-cap-view-stacked .elementor-drop-cap{background-color:#69727d;color:#fff}.elementor-widget-text-editor.elementor-drop-cap-view-framed .elementor-drop-cap{color:#69727d;border:3px solid;background-color:transparent}.elementor-widget-text-editor:not(.elementor-drop-cap-view-default) .elementor-drop-cap{margin-top:8px}.elementor-widget-text-editor:not(.elementor-drop-cap-view-default) .elementor-drop-cap-letter{width:1em;height:1em}.elementor-widget-text-editor .elementor-drop-cap{float:left;text-align:center;line-height:1;font-size:50px}.elementor-widget-text-editor .elementor-drop-cap-letter{display:inline-block}<\/style>\t\t\t\t<p class=\"MsoNormal\" style=\"line-height: normal; background-image: initial; background-position: initial; background-size: initial; background-repeat: initial; background-attachment: initial; background-origin: initial; background-clip: initial;\"><b><span style=\"font-size: 13.5pt; font-family: Roboto; mso-fareast-font-family: 'Times New Roman'; mso-bidi-font-family: 'Times New Roman'; color: #7a7a7a; mso-font-kerning: 0pt; mso-fareast-language: FR;\">Parcours universitaire :<\/span><\/b><span style=\"font-size: 13.5pt; font-family: Roboto; mso-fareast-font-family: 'Times New Roman'; mso-bidi-font-family: 'Times New Roman'; color: #7a7a7a; mso-font-kerning: 0pt; mso-fareast-language: FR;\"><br \/><br \/>&#8211; Licence de Droit de l&#8217;Universit\u00e9 Paris-Saclay (Sceaux)<br \/>&#8211; Master 1 de Droit de l&#8217;Universit\u00e9 Paris-Saclay (Sceaux)<br \/>&#8211; Master 2 de Droit Public de l&#8217;\u00c9conomie de l&#8217;Universit\u00e9 Paris II Pantheon-Assas<br \/>&#8211; Titulaire du Certificat d&#8217;Aptitude \u00e0 la Profession d&#8217;Avocat (CAPA) de L\u2019\u00c9cole de formation professionnelle des barreaux du ressort de la Cour d\u2019appel de Paris (EFB)<br \/><br \/><b>Exp\u00e9rience :<\/b><br \/><br \/>Ma\u00eetre FERIANI, de formation publiciste, s&#8217;est confront\u00e9 \u00e0 de nombreuses disciplines de par la diversit\u00e9 de ses exp\u00e9riences (associations, administrations, entreprises). Il exerce en droit civil, droit administratif, droit p\u00e9nal, et droit des \u00c9trangers, tout en sachant mettre sa maitrise des contentieux, ses connaissances et sa polyvalence au service de son client, quelle que soit la mati\u00e8re.<br \/><br \/>Il a \u00e0 coeur de fournir au justiciable tous les \u00e9l\u00e9ments factuels et juridiques afin d&#8217;\u00e9clairer au mieux la situation du dossier et la meilleure voie \u00e0 emprunter.<br \/><br \/>Ma\u00eetre FERIANI intervient dans les diff\u00e9rentes juridictions d&#8217;\u00cele-de-France et notamment \u00e0 Paris, Melun, Evry, Bobigny, Cr\u00e9teil, Fontainebleau, Meaux&#8230;<br \/><br \/>Si vous souhaitez un avocat disponible, \u00e0 l&#8217;\u00e9coute, pla\u00e7ant vos consid\u00e9rations et int\u00e9r\u00eats en premi\u00e8re priorit\u00e9, n&#8217;h\u00e9sitez pas \u00e0 nous contacter.<\/span><\/p>\t\t\t\t\t\t<\/div>\n\t\t\t\t<\/div>\n\t\t\t\t<div class=\"elementor-element elementor-element-5e042bb3 elementor-widget elementor-widget-button\" data-id=\"5e042bb3\" data-element_type=\"widget\" data-widget_type=\"button.default\">\n\t\t\t\t<div class=\"elementor-widget-container\">\n\t\t\t\t\t<div class=\"elementor-button-wrapper\">\n\t\t\t<a class=\"elementor-button elementor-button-link elementor-size-sm\" href=\"https:\/\/live.templately.com\/lawstice\/#contact\">\n\t\t\t\t\t\t<span class=\"elementor-button-content-wrapper\">\n\t\t\t\t\t\t<span class=\"elementor-button-text\">Contact<\/span>\n\t\t<\/span>\n\t\t\t\t\t<\/a>\n\t\t<\/div>\n\t\t\t\t<\/div>\n\t\t\t\t<\/div>\n\t\t\t\t\t<\/div>\n\t\t<\/div>\n\t\t\t\t\t\t\t<\/div>\n\t\t<\/section>\n\t\t\t\t\t\t\t<\/div>\n\t\t","protected":false},"excerpt":{"rendered":"<p>A propos Accueil Ma\u00eetre Sofian FERIANI Parcours universitaire : &#8211; Licence de Droit de l&#8217;Universit\u00e9 Paris-Saclay (Sceaux)&#8211; Master 1 de Droit de l&#8217;Universit\u00e9 Paris-Saclay (Sceaux)&#8211; Master 2 de Droit Public de l&#8217;\u00c9conomie de l&#8217;Universit\u00e9 Paris II Pantheon-Assas&#8211; Titulaire du Certificat d&#8217;Aptitude \u00e0 la Profession d&#8217;Avocat (CAPA) de L\u2019\u00c9cole de formation professionnelle des barreaux du ressort &hellip;<\/p>\n<p class=\"read-more\"> <a class=\"\" href=\"https:\/\/feriani-avocat.fr\/Mala\/index.php\/elementor-74\/\"> <span class=\"screen-reader-text\">Elementor #74<\/span> Read More &raquo;<\/a><\/p>\n","protected":false},"author":1,"featured_media":0,"parent":0,"menu_order":0,"comment_status":"closed","ping_status":"closed","template":"","meta":{"_eb_attr":"","site-sidebar-layout":"no-sidebar","site-content-layout":"page-builder","ast-global-header-display":"","ast-main-header-display":"","ast-hfb-above-header-display":"","ast-hfb-below-header-display":"","ast-hfb-mobile-header-display":"","site-post-title":"disabled","ast-breadcrumbs-content":"","ast-featured-img":"disabled","footer-sml-layout":"","theme-transparent-header-meta":"","adv-header-id-meta":"","stick-header-meta":"","header-above-stick-meta":"","header-main-stick-meta":"","header-below-stick-meta":"","footnotes":""},"class_list":["post-74","page","type-page","status-publish","hentry"],"_links":{"self":[{"href":"https:\/\/feriani-avocat.fr\/Mala\/index.php\/wp-json\/wp\/v2\/pages\/74","targetHints":{"allow":["GET"]}}],"collection":[{"href":"https:\/\/feriani-avocat.fr\/Mala\/index.php\/wp-json\/wp\/v2\/pages"}],"about":[{"href":"https:\/\/feriani-avocat.fr\/Mala\/index.php\/wp-json\/wp\/v2\/types\/page"}],"author":[{"embeddable":true,"href":"https:\/\/feriani-avocat.fr\/Mala\/index.php\/wp-json\/wp\/v2\/users\/1"}],"replies":[{"embeddable":true,"href":"https:\/\/feriani-avocat.fr\/Mala\/index.php\/wp-json\/wp\/v2\/comments?post=74"}],"version-history":[{"count":4,"href":"https:\/\/feriani-avocat.fr\/Mala\/index.php\/wp-json\/wp\/v2\/pages\/74\/revisions"}],"predecessor-version":[{"id":88,"href":"https:\/\/feriani-avocat.fr\/Mala\/index.php\/wp-json\/wp\/v2\/pages\/74\/revisions\/88"}],"wp:attachment":[{"href":"https:\/\/feriani-avocat.fr\/Mala\/index.php\/wp-json\/wp\/v2\/media?parent=74"}],"curies":[{"name":"wp","href":"https:\/\/api.w.org\/{rel}","templated":true}]}}